{"id":77177,"date":"2020-03-13T20:50:16","date_gmt":"2020-03-13T18:50:16","guid":{"rendered":"https:\/\/www.destinynums.com\/privacy-policy\/"},"modified":"2025-08-17T21:03:04","modified_gmt":"2025-08-17T18:03:04","slug":"privacy-policy-da","status":"publish","type":"page","link":"https:\/\/www.destinynums.com\/da\/privacy-policy-da\/","title":{"rendered":"Privatlivspolitik"},"content":{"rendered":"<h2 style=\"text-align: center;\">Politik <strong>vedr\u00f8rende behandling og beskyttelse af personoplysninger for brugere af tjenesten destinynums.com<\/strong><\/h2>\n<h4 style=\"text-align: center;\">1. GENERELLE BESTEMMELSER<\/h4>\n<p><strong>1.1. <\/strong>Dette dokument: &#8220;Politik vedr\u00f8rende behandling og beskyttelse af personoplysninger for brugere af tjenesten destinynums.com&#8221; (herefter \u2013 Politikken) er det grundl\u00e6ggende interne dokument for Administrationen af webstedet destinynums.com (herefter \u2013 Operat\u00f8ren), som regulerer aktiviteter inden for behandling og beskyttelse af personoplysninger.<\/p>\n<p><strong>1.2. <\/strong>Politikken er udarbejdet med henblik p\u00e5 at opfylde lovgivningens krav inden for behandling og beskyttelse af personoplysninger og sigter mod at sikre beskyttelse af menneskers og borgeres rettigheder og friheder ved behandling af deres personoplysninger af Operat\u00f8ren, herunder retten til privatlivets fred samt personlige og familiem\u00e6ssige hemmeligheder.<\/p>\n<p><strong>1.3. <\/strong>Politikken fastl\u00e6gger omfanget af de indsamlede og behandlede personoplysninger, form\u00e5lene med indsamlingen og behandlingen, procedurerne for opbevaring og overf\u00f8rsel af personoplysninger samt de foranstaltninger, Operat\u00f8ren tr\u00e6ffer for at beskytte disse oplysninger.<\/p>\n<p><strong>1.4. <\/strong>Denne Politik g\u00e6lder for enhver information om brugeren, som Operat\u00f8ren modtager, b\u00e5de f\u00f8r og efter Politikkens vedtagelse.<\/p>\n<p><strong>1.5. <\/strong>Denne Politik g\u00e6lder for alle oplysninger, som Operat\u00f8ren kan modtage om brugeren, herunder under brugerens anvendelse af Tjenesten.<\/p>\n<p><strong>1.6. <\/strong>Bes\u00f8g og brug af Tjenesten indeb\u00e6rer brugerens fulde accept af behandlingen af deres personoplysninger, som angivet i artikel 3 i denne Politik, til de form\u00e5l, der er angivet i artikel 4.<\/p>\n<p><strong>1.7. <\/strong>Hvis brugeren ikke accepterer betingelserne for behandling af personoplysninger af Operat\u00f8ren, skal brugeren oph\u00f8re med at anvende Tjenesten.<\/p>\n<p><strong>1.8. <\/strong>Denne Politik g\u00e6lder udelukkende for Tjenesten. Operat\u00f8ren kontrollerer ikke og er ikke ansvarlig for indsamling og behandling af personoplysninger af tredjeparter, hvis tjenester brugeren m\u00e5tte f\u00e5 adgang til via links tilg\u00e6ngelige p\u00e5 Tjenesten.<\/p>\n<p><strong>1.9. <\/strong>Operat\u00f8ren verificerer ikke rigtigheden af de personoplysninger, som brugeren opgiver.<\/p>\n<h4 style=\"text-align: center;\">2. V\u00c6SENTLIGE BEGREBER OG DEFINITIONER<\/h4>\n<p><strong>2.1. Tjenesten destinynums.com<strong> (Tjenesten)<\/strong> \u2014 en samling af websider, placeret p\u00e5 internettet, forenet under dom\u00e6nenavnet <a href=\"https:\/\/destinynums.com\" rel=\"nofollow noopener\" target=\"_blank\">https:\/\/destinynums.com<\/a>, samt tilknyttede mobilapplikationer.<\/strong><\/p>\n<p><strong>2.2. Personoplysninger<\/strong> \u2014 enhver information, der direkte eller indirekte vedr\u00f8rer en identificeret eller identificerbar fysisk person (den registrerede).<\/p>\n<p><strong>2.3. Behandling af personoplysninger<\/strong> \u2014 enhver handling (operation) eller kombination af handlinger (operationer), der udf\u00f8res med eller uden brug af automatiserede v\u00e6rkt\u00f8jer med personoplysninger, herunder indsamling, registrering, systematisering, lagring, opdatering (\u00e6ndring), udtr\u00e6k, anvendelse, overf\u00f8rsel (distribution, levering, adgang), anonymisering, blokering, sletning, destruktion af personoplysninger.<\/p>\n<p><strong>2.4. Bruger<\/strong> \u2014 en person, der har adgang til Tjenesten via internettet og benytter Tjenesten.<\/p>\n<p><strong>2.5. Cookies<\/strong> \u2014 sm\u00e5 datafiler, der sendes af en webserver og gemmes p\u00e5 brugerens computer, som webbrugeren eller webbrowseren sender tilbage til serveren i en HTTP-anmodning, n\u00e5r en side p\u00e5 Tjenesten \u00e5bnes.<\/p>\n<h4 style=\"text-align: center;\">3. SAMMENS\u00c6TNING AF INDSAMLEDE OG BEHANDLEDE PERSONOPLYSNINGER<\/h4>\n<p><strong>3.1. <\/strong>De oplysninger om brugeren, som indsamles og behandles i henhold til denne Politik, tilg\u00e5r Operat\u00f8ren p\u00e5 f\u00f8lgende m\u00e5der:<\/p>\n<p><strong>3.1.1. <\/strong>Opgives af brugeren selv p\u00e5 Tjenesten ved udfyldelse af formularer med personoplysninger og kan omfatte:<\/p>\n<p><strong>&#8211;<\/strong> efternavn, fornavn;<\/p>\n<p><strong>&#8211;<\/strong> k\u00f8n;<\/p>\n<p><strong>&#8211;<\/strong> f\u00f8dselsdato,<\/p>\n<p><strong>&#8211;<\/strong> telefonnummer,<\/p>\n<p><strong>&#8211;<\/strong> e-mailadresse;<\/p>\n<p><strong>3.1.2. <\/strong>Overf\u00f8res automatisk til Operat\u00f8ren under brugerens bes\u00f8g og brug af Tjenesten via den software, der er installeret p\u00e5 brugerens enhed (cookies), herunder: oplysninger om placering; brugerens enhedstype og sk\u00e6rmopl\u00f8sning; type, version og sprog for det operativsystem, der er installeret p\u00e5 brugerens enhed; type, version og sprog for browser (eller andet program, der bruges til adgang til Tjenesten); IP-adresse; den side, brugeren kom fra (referrer); oplysninger om, hvilke sider brugeren \u00e5bner, og hvilke knapper der trykkes p\u00e5.<\/p>\n<p><strong>3.2. <\/strong>Operat\u00f8ren behandler ikke s\u00e6rlige kategorier af personoplysninger, der vedr\u00f8rer race, etnicitet, politiske holdninger, religi\u00f8se eller filosofiske overbevisninger.<\/p>\n<h4 style=\"text-align: center;\">4. FORM\u00c5L MED INDSAMLING OG BEHANDLING AF PERSONOPLYSNINGER<\/h4>\n<p><strong>4.1. <\/strong>Indsamling og behandling af brugerens personoplysninger som angivet i pkt. 3.1.1 udf\u00f8res af Operat\u00f8ren med f\u00f8lgende form\u00e5l:<\/p>\n<p><strong>&#8211;<\/strong> identifikation af brugeren p\u00e5 Tjenesten og give adgang til dens funktioner;<\/p>\n<p><strong>&#8211;<\/strong> kommunikation med brugeren efter behov, herunder fremsendelse af meddelelser, foresp\u00f8rgsler og information relateret til brugen af Tjenesten, samt behandling af anmodninger og henvendelser fra brugeren;<\/p>\n<p><strong>&#8211;<\/strong> fremsendelse af nyhedsbreve og anden information fra Operat\u00f8ren og dennes partnere.<\/p>\n<p><strong>4.2. <\/strong>Indsamling og behandling af brugerens personoplysninger som angivet i pkt. 3.1.2 udf\u00f8res af Operat\u00f8ren med henblik p\u00e5 at oprette statistik, der hj\u00e6lper med at forst\u00e5, hvordan brugerne anvender Tjenesten, hvilket muligg\u00f8r optimering af dens struktur og indhold samt forbedring af brugervenligheden.<\/p>\n<p>Brugeren kan til enhver tid \u00e6ndre indstillingerne for cookies og blokere automatisk overf\u00f8rsel af disse filer. Yderligere oplysninger om muligheder og metoder til overf\u00f8rsel af cookies findes i browserindstillingerne. Begr\u00e6nsninger i brugen af cookies kan p\u00e5virke visse funktioner p\u00e5 webstedet <a href=\"https:\/\/destinynums.com\" rel=\"nofollow noopener\" target=\"_blank\">https:\/\/destinynums.com<\/a>.<\/p>\n<p><strong>4.3. <\/strong>Behandling af personoplysninger, der ikke opfylder de form\u00e5l, der er angivet i pkt. 4.1 og 4.2 i denne Politik, er ikke tilladt.<\/p>\n<h4 style=\"text-align: center;\">5. ADGANG TIL PERSONOPLYSNINGER<\/h4>\n<p><strong>5.1. <\/strong>Varigheden af behandling af brugerens personoplysninger er ubegr\u00e6nset. Behandlingen kan udf\u00f8res p\u00e5 enhver lovlig m\u00e5de, herunder ved brug af informationssystemer for personoplysninger, som kan f\u00f8res b\u00e5de automatisk og manuelt.<\/p>\n<p><strong>5.2. <\/strong>De behandlede personoplysninger slettes eller anonymiseres af Operat\u00f8ren, n\u00e5r form\u00e5lene med behandlingen er n\u00e5et, eller n\u00e5r behovet for behandling ikke l\u00e6ngere foreligger, samt ved brugerens tilbagekaldelse af samtykke til behandling.<\/p>\n<p><strong>5.3. <\/strong>Brugeren har til enhver tid ret til at tilbagekalde samtykket til behandling af personoplysninger ved at sende en skriftlig meddelelse til e-mailadressen: <a href=\"mailto:info@destinynums.com\">info@destinynums.com<\/a> med emnet &#8220;Tilbagekaldelse af samtykke til behandling af personoplysninger&#8221;. Tilbagekaldelsen af samtykke medf\u00f8rer sletning af brugerens konto p\u00e5 Tjenesten samt fjernelse af registreringer, der indeholder personoplysninger, i Operat\u00f8rens systemer.<\/p>\n<p><strong>5.4. <\/strong>Brugeren har ret til at kr\u00e6ve, at Operat\u00f8ren korrigerer, blokerer eller sletter personoplysninger, hvis de er ufuldst\u00e6ndige, for\u00e6ldede, un\u00f8jagtige, ulovligt indhentede eller ikke n\u00f8dvendige for det erkl\u00e6rede form\u00e5l med behandlingen.<\/p>\n<p><strong>5.5. <\/strong>Brugerens ret til \u00e6ndring, sletning eller blokering af personoplysninger kan v\u00e6re begr\u00e6nset af ukrainsk lovgivning.<\/p>\n<p><strong>5.6. <\/strong>Brugerens personoplysninger behandles fortroligt, undtagen i de tilf\u00e6lde, der er fastlagt i pkt. 5.7 i denne Politik.<\/p>\n<p><strong>5.7. <\/strong>Operat\u00f8ren har ret til at videregive brugerens personoplysninger til tredjeparter i f\u00f8lgende tilf\u00e6lde:<\/p>\n<p><strong>5.7.1. <\/strong>N\u00e5r overf\u00f8rsel er p\u00e5kr\u00e6vet i henhold til ukrainsk lovgivning (domstolsafg\u00f8relse, anmodning fra retsh\u00e5ndh\u00e6vende myndigheder osv.);<\/p>\n<p><strong>5.7.2. <\/strong>For at beskytte Operat\u00f8rens rettigheder og lovlige interesser.<\/p>\n<p><strong>5.8. <\/strong>Ved tab eller offentligg\u00f8relse af personoplysninger informerer Operat\u00f8ren brugeren herom.<\/p>\n<h4 style=\"text-align: center;\">6. BESKYTTELSE AF BRUGERNES PERSONOPLYSNINGER<\/h4>\n<p><strong>6.1. <\/strong>Operat\u00f8ren tr\u00e6ffer de n\u00f8dvendige organisatoriske og tekniske foranstaltninger for at beskytte brugerens personoplysninger mod uautoriseret eller utilsigtet adgang, destruktion, \u00e6ndring, blokering, kopiering, distribution samt andre ulovlige handlinger fra tredjeparter.<\/p>\n<p><strong>6.2. <\/strong>Webstedet <a href=\"https:\/\/destinynums.com\" rel=\"nofollow noopener\" target=\"_blank\">https:\/\/destinynums.com<\/a> har et SSL-sikkerhedscertifikat, der sikrer, at information overf\u00f8res krypteret mellem brugeren og Operat\u00f8ren for at forhindre aflytning eller \u00e6ndring under transmission.<\/p>\n<h4 style=\"text-align: center;\">7. ANSVAR<\/h4>\n<p><strong>7.1. <\/strong>Ved tab eller offentligg\u00f8relse af brugerens personoplysninger b\u00e6rer Operat\u00f8ren ikke ansvar, hvis disse oplysninger var offentligt tilg\u00e6ngelige inden tabet eller offentligg\u00f8relsen, eller hvis de blev offentliggjort af brugeren selv eller med brugerens samtykke.<\/p>\n<h4 style=\"text-align: center;\">8. AFSLUTTENDE BESTEMMELSER<\/h4>\n<p><strong>8.1. <\/strong>Operat\u00f8ren<strong> har ret til at \u00e6ndre og supplere denne Politik. Den nye version tr\u00e6der i kraft fra det \u00f8jeblik, den offentligg\u00f8res p\u00e5 Tjenesten <\/strong><a href=\"https:\/\/destinynums.com\" rel=\"nofollow noopener\" target=\"_blank\">https:\/\/destinynums.com<\/a>, medmindre andet er angivet i den nye version.<\/p>\n<p><strong>8.2. For forhold vedr\u00f8rende behandling og beskyttelse af personoplysninger, der ikke er reguleret af denne Politik, g\u00e6lder den g\u00e6ldende ukrainske lovgivning.<\/strong><\/p>\n<p><strong>8.3. Alle forslag eller sp\u00f8rgsm\u00e5l vedr\u00f8rende behandling og beskyttelse af personoplysninger <\/strong>af Operat\u00f8ren<strong> skal sendes til e-mailadressen <\/strong>info@destinynums.com.<\/p>\n","protected":false},"excerpt":{"rendered":"<p>Politik vedr\u00f8rende behandling og beskyttelse af personoplysninger for brugere af tjenesten destinynums.com 1. GENERELLE BESTEMMELSER 1.1. Dette dokument: &#8220;Politik vedr\u00f8rende behandling og beskyttelse af personoplysninger for brugere af tjenesten destinynums.com&#8221; (herefter \u2013 Politikken) er det grundl\u00e6ggende interne dokument for Administrationen af webstedet destinynums.com (herefter \u2013 Operat\u00f8ren), som regulerer aktiviteter inden for behandling og beskyttelse af [&hellip;]<\/p>\n","protected":false},"author":12348,"featured_media":0,"parent":0,"menu_order":0,"comment_status":"closed","ping_status":"closed","template":"page-oferta.php","meta":{"inline_featured_image":false,"footnotes":""},"class_list":["post-77177","page","type-page","status-publish","hentry"],"acf":[],"rankMath":{"parentDomain":"www.destinynums.com","noFollowDomains":[],"noFollowExcludeDomains":[],"noFollowExternalLinks":true,"featuredImageNotice":"Det udvalgt billede skal v\u00e6re mindst 200 x 200 px, for at Facebook og andre sociale medier bruger billede.","pluginReviewed":true,"postSettings":{"linkSuggestions":true,"useFocusKeyword":false},"frontEndScore":false,"postName":"privacy-policy-da","permalinkFormat":"https:\/\/www.destinynums.com\/da\/%pagename%\/","showLockModifiedDate":true,"assessor":{"focusKeywordLink":"https:\/\/www.destinynums.com\/wp-admin\/edit.php?focus_keyword=%focus_keyword%&post_type=%post_type%","hasTOCPlugin":{"luckywp-table-of-contents\/luckywp-table-of-contents.php":"LuckyWP Table of Contents"},"primaryTaxonomy":false,"serpData":{"title":"","description":"","focusKeywords":"","pillarContent":false,"canonicalUrl":"","breadcrumbTitle":"","advancedRobots":{"max-snippet":"-1","max-video-preview":"-1","max-image-preview":"large"},"facebookTitle":"","facebookDescription":"","facebookImage":"","facebookImageID":"","facebookHasOverlay":false,"facebookImageOverlay":"play","facebookAuthor":"","twitterCardType":"summary_large_image","twitterUseFacebook":true,"twitterTitle":"","twitterDescription":"","twitterImage":"","twitterImageID":"","twitterHasOverlay":false,"twitterImageOverlay":"play","twitterPlayerUrl":"","twitterPlayerSize":"","twitterPlayerStream":"","twitterPlayerStreamCtype":"","twitterAppDescription":"","twitterAppIphoneName":"","twitterAppIphoneID":"","twitterAppIphoneUrl":"","twitterAppIpadName":"","twitterAppIpadID":"","twitterAppIpadUrl":"","twitterAppGoogleplayName":"","twitterAppGoogleplayID":"","twitterAppGoogleplayUrl":"","twitterAppCountry":"","robots":{"noindex":true},"twitterAuthor":"brugernavn","primaryTerm":0,"authorName":"Anna Dani","titleTemplate":"%title% %page% %sep% %sitename% %search_query%","descriptionTemplate":"%excerpt% %sitedesc%","showScoreFrontend":true,"lockModifiedDate":false},"powerWords":[],"diacritics":{"A":"[\\u0041\\u24B6\\uFF21\\u00C0\\u00C1\\u00C2\\u1EA6\\u1EA4\\u1EAA\\u1EA8\\u00C3\\u0100\\u0102\\u1EB0\\u1EAE\\u1EB4\\u1EB2\\u0226\\u01E0\\u00C4\\u01DE\\u1EA2\\u00C5\\u01FA\\u01CD\\u0200\\u0202\\u1EA0\\u1EAC\\u1EB6\\u1E00\\u0104\\u023A\\u2C6F]","AA":"[\\uA732]","AE":"[\\u00C6\\u01FC\\u01E2]","AO":"[\\uA734]","AU":"[\\uA736]","AV":"[\\uA738\\uA73A]","AY":"[\\uA73C]","B":"[\\u0042\\u24B7\\uFF22\\u1E02\\u1E04\\u1E06\\u0243\\u0182\\u0181]","C":"[\\u0043\\u24B8\\uFF23\\u0106\\u0108\\u010A\\u010C\\u00C7\\u1E08\\u0187\\u023B\\uA73E]","D":"[\\u0044\\u24B9\\uFF24\\u1E0A\\u010E\\u1E0C\\u1E10\\u1E12\\u1E0E\\u0110\\u018B\\u018A\\u0189\\uA779]","DZ":"[\\u01F1\\u01C4]","Dz":"[\\u01F2\\u01C5]","E":"[\\u0045\\u24BA\\uFF25\\u00C8\\u00C9\\u00CA\\u1EC0\\u1EBE\\u1EC4\\u1EC2\\u1EBC\\u0112\\u1E14\\u1E16\\u0114\\u0116\\u00CB\\u1EBA\\u011A\\u0204\\u0206\\u1EB8\\u1EC6\\u0228\\u1E1C\\u0118\\u1E18\\u1E1A\\u0190\\u018E]","F":"[\\u0046\\u24BB\\uFF26\\u1E1E\\u0191\\uA77B]","G":"[\\u0047\\u24BC\\uFF27\\u01F4\\u011C\\u1E20\\u011E\\u0120\\u01E6\\u0122\\u01E4\\u0193\\uA7A0\\uA77D\\uA77E]","H":"[\\u0048\\u24BD\\uFF28\\u0124\\u1E22\\u1E26\\u021E\\u1E24\\u1E28\\u1E2A\\u0126\\u2C67\\u2C75\\uA78D]","I":"[\\u0049\\u24BE\\uFF29\\u00CC\\u00CD\\u00CE\\u0128\\u012A\\u012C\\u0130\\u00CF\\u1E2E\\u1EC8\\u01CF\\u0208\\u020A\\u1ECA\\u012E\\u1E2C\\u0197]","J":"[\\u004A\\u24BF\\uFF2A\\u0134\\u0248]","K":"[\\u004B\\u24C0\\uFF2B\\u1E30\\u01E8\\u1E32\\u0136\\u1E34\\u0198\\u2C69\\uA740\\uA742\\uA744\\uA7A2]","L":"[\\u004C\\u24C1\\uFF2C\\u013F\\u0139\\u013D\\u1E36\\u1E38\\u013B\\u1E3C\\u1E3A\\u0141\\u023D\\u2C62\\u2C60\\uA748\\uA746\\uA780]","LJ":"[\\u01C7]","Lj":"[\\u01C8]","M":"[\\u004D\\u24C2\\uFF2D\\u1E3E\\u1E40\\u1E42\\u2C6E\\u019C]","N":"[\\u004E\\u24C3\\uFF2E\\u01F8\\u0143\\u00D1\\u1E44\\u0147\\u1E46\\u0145\\u1E4A\\u1E48\\u0220\\u019D\\uA790\\uA7A4]","NJ":"[\\u01CA]","Nj":"[\\u01CB]","O":"[\\u004F\\u24C4\\uFF2F\\u00D2\\u00D3\\u00D4\\u1ED2\\u1ED0\\u1ED6\\u1ED4\\u00D5\\u1E4C\\u022C\\u1E4E\\u014C\\u1E50\\u1E52\\u014E\\u022E\\u0230\\u00D6\\u022A\\u1ECE\\u0150\\u01D1\\u020C\\u020E\\u01A0\\u1EDC\\u1EDA\\u1EE0\\u1EDE\\u1EE2\\u1ECC\\u1ED8\\u01EA\\u01EC\\u00D8\\u01FE\\u0186\\u019F\\uA74A\\uA74C]","OI":"[\\u01A2]","OO":"[\\uA74E]","OU":"[\\u0222]","P":"[\\u0050\\u24C5\\uFF30\\u1E54\\u1E56\\u01A4\\u2C63\\uA750\\uA752\\uA754]","Q":"[\\u0051\\u24C6\\uFF31\\uA756\\uA758\\u024A]","R":"[\\u0052\\u24C7\\uFF32\\u0154\\u1E58\\u0158\\u0210\\u0212\\u1E5A\\u1E5C\\u0156\\u1E5E\\u024C\\u2C64\\uA75A\\uA7A6\\uA782]","S":"[\\u0053\\u24C8\\uFF33\\u1E9E\\u015A\\u1E64\\u015C\\u1E60\\u0160\\u1E66\\u1E62\\u1E68\\u0218\\u015E\\u2C7E\\uA7A8\\uA784]","T":"[\\u0054\\u24C9\\uFF34\\u1E6A\\u0164\\u1E6C\\u021A\\u0162\\u1E70\\u1E6E\\u0166\\u01AC\\u01AE\\u023E\\uA786]","TZ":"[\\uA728]","U":"[\\u0055\\u24CA\\uFF35\\u00D9\\u00DA\\u00DB\\u0168\\u1E78\\u016A\\u1E7A\\u016C\\u00DC\\u01DB\\u01D7\\u01D5\\u01D9\\u1EE6\\u016E\\u0170\\u01D3\\u0214\\u0216\\u01AF\\u1EEA\\u1EE8\\u1EEE\\u1EEC\\u1EF0\\u1EE4\\u1E72\\u0172\\u1E76\\u1E74\\u0244]","V":"[\\u0056\\u24CB\\uFF36\\u1E7C\\u1E7E\\u01B2\\uA75E\\u0245]","VY":"[\\uA760]","W":"[\\u0057\\u24CC\\uFF37\\u1E80\\u1E82\\u0174\\u1E86\\u1E84\\u1E88\\u2C72]","X":"[\\u0058\\u24CD\\uFF38\\u1E8A\\u1E8C]","Y":"[\\u0059\\u24CE\\uFF39\\u1EF2\\u00DD\\u0176\\u1EF8\\u0232\\u1E8E\\u0178\\u1EF6\\u1EF4\\u01B3\\u024E\\u1EFE]","Z":"[\\u005A\\u24CF\\uFF3A\\u0179\\u1E90\\u017B\\u017D\\u1E92\\u1E94\\u01B5\\u0224\\u2C7F\\u2C6B\\uA762]","a":"[\\u0061\\u24D0\\uFF41\\u1E9A\\u00E0\\u00E1\\u00E2\\u1EA7\\u1EA5\\u1EAB\\u1EA9\\u00E3\\u0101\\u0103\\u1EB1\\u1EAF\\u1EB5\\u1EB3\\u0227\\u01E1\\u00E4\\u01DF\\u1EA3\\u00E5\\u01FB\\u01CE\\u0201\\u0203\\u1EA1\\u1EAD\\u1EB7\\u1E01\\u0105\\u2C65\\u0250]","aa":"[\\uA733]","ae":"[\\u00E6\\u01FD\\u01E3]","ao":"[\\uA735]","au":"[\\uA737]","av":"[\\uA739\\uA73B]","ay":"[\\uA73D]","b":"[\\u0062\\u24D1\\uFF42\\u1E03\\u1E05\\u1E07\\u0180\\u0183\\u0253]","c":"[\\u0063\\u24D2\\uFF43\\u0107\\u0109\\u010B\\u010D\\u00E7\\u1E09\\u0188\\u023C\\uA73F\\u2184]","d":"[\\u0064\\u24D3\\uFF44\\u1E0B\\u010F\\u1E0D\\u1E11\\u1E13\\u1E0F\\u0111\\u018C\\u0256\\u0257\\uA77A]","dz":"[\\u01F3\\u01C6]","e":"[\\u0065\\u24D4\\uFF45\\u00E8\\u00E9\\u00EA\\u1EC1\\u1EBF\\u1EC5\\u1EC3\\u1EBD\\u0113\\u1E15\\u1E17\\u0115\\u0117\\u00EB\\u1EBB\\u011B\\u0205\\u0207\\u1EB9\\u1EC7\\u0229\\u1E1D\\u0119\\u1E19\\u1E1B\\u0247\\u025B\\u01DD]","f":"[\\u0066\\u24D5\\uFF46\\u1E1F\\u0192\\uA77C]","g":"[\\u0067\\u24D6\\uFF47\\u01F5\\u011D\\u1E21\\u011F\\u0121\\u01E7\\u0123\\u01E5\\u0260\\uA7A1\\u1D79\\uA77F]","h":"[\\u0068\\u24D7\\uFF48\\u0125\\u1E23\\u1E27\\u021F\\u1E25\\u1E29\\u1E2B\\u1E96\\u0127\\u2C68\\u2C76\\u0265]","hv":"[\\u0195]","i":"[\\u0069\\u24D8\\uFF49\\u00EC\\u00ED\\u00EE\\u0129\\u012B\\u012D\\u00EF\\u1E2F\\u1EC9\\u01D0\\u0209\\u020B\\u1ECB\\u012F\\u1E2D\\u0268\\u0131]","j":"[\\u006A\\u24D9\\uFF4A\\u0135\\u01F0\\u0249]","k":"[\\u006B\\u24DA\\uFF4B\\u1E31\\u01E9\\u1E33\\u0137\\u1E35\\u0199\\u2C6A\\uA741\\uA743\\uA745\\uA7A3]","l":"[\\u006C\\u24DB\\uFF4C\\u0140\\u013A\\u013E\\u1E37\\u1E39\\u013C\\u1E3D\\u1E3B\\u017F\\u0142\\u019A\\u026B\\u2C61\\uA749\\uA781\\uA747]","lj":"[\\u01C9]","m":"[\\u006D\\u24DC\\uFF4D\\u1E3F\\u1E41\\u1E43\\u0271\\u026F]","n":"[\\u006E\\u24DD\\uFF4E\\u01F9\\u0144\\u00F1\\u1E45\\u0148\\u1E47\\u0146\\u1E4B\\u1E49\\u019E\\u0272\\u0149\\uA791\\uA7A5]","nj":"[\\u01CC]","o":"[\\u006F\\u24DE\\uFF4F\\u00F2\\u00F3\\u00F4\\u1ED3\\u1ED1\\u1ED7\\u1ED5\\u00F5\\u1E4D\\u022D\\u1E4F\\u014D\\u1E51\\u1E53\\u014F\\u022F\\u0231\\u00F6\\u022B\\u1ECF\\u0151\\u01D2\\u020D\\u020F\\u01A1\\u1EDD\\u1EDB\\u1EE1\\u1EDF\\u1EE3\\u1ECD\\u1ED9\\u01EB\\u01ED\\u00F8\\u01FF\\u0254\\uA74B\\uA74D\\u0275]","oi":"[\\u01A3]","ou":"[\\u0223]","oo":"[\\uA74F]","p":"[\\u0070\\u24DF\\uFF50\\u1E55\\u1E57\\u01A5\\u1D7D\\uA751\\uA753\\uA755]","q":"[\\u0071\\u24E0\\uFF51\\u024B\\uA757\\uA759]","r":"[\\u0072\\u24E1\\uFF52\\u0155\\u1E59\\u0159\\u0211\\u0213\\u1E5B\\u1E5D\\u0157\\u1E5F\\u024D\\u027D\\uA75B\\uA7A7\\uA783]","s":"[\\u0073\\u24E2\\uFF53\\u015B\\u1E65\\u015D\\u1E61\\u0161\\u1E67\\u1E63\\u1E69\\u0219\\u015F\\u023F\\uA7A9\\uA785\\u1E9B]","ss":"[\\u00DF]","t":"[\\u0074\\u24E3\\uFF54\\u1E6B\\u1E97\\u0165\\u1E6D\\u021B\\u0163\\u1E71\\u1E6F\\u0167\\u01AD\\u0288\\u2C66\\uA787]","tz":"[\\uA729]","u":"[\\u0075\\u24E4\\uFF55\\u00F9\\u00FA\\u00FB\\u0169\\u1E79\\u016B\\u1E7B\\u016D\\u00FC\\u01DC\\u01D8\\u01D6\\u01DA\\u1EE7\\u016F\\u0171\\u01D4\\u0215\\u0217\\u01B0\\u1EEB\\u1EE9\\u1EEF\\u1EED\\u1EF1\\u1EE5\\u1E73\\u0173\\u1E77\\u1E75\\u0289]","v":"[\\u0076\\u24E5\\uFF56\\u1E7D\\u1E7F\\u028B\\uA75F\\u028C]","vy":"[\\uA761]","w":"[\\u0077\\u24E6\\uFF57\\u1E81\\u1E83\\u0175\\u1E87\\u1E85\\u1E98\\u1E89\\u2C73]","x":"[\\u0078\\u24E7\\uFF58\\u1E8B\\u1E8D]","y":"[\\u0079\\u24E8\\uFF59\\u1EF3\\u00FD\\u0177\\u1EF9\\u0233\\u1E8F\\u00FF\\u1EF7\\u1E99\\u1EF5\\u01B4\\u024F\\u1EFF]","z":"[\\u007A\\u24E9\\uFF5A\\u017A\\u1E91\\u017C\\u017E\\u1E93\\u1E95\\u01B6\\u0225\\u0240\\u2C6C\\uA763]"},"researchesTests":["contentHasTOC","contentHasShortParagraphs","contentHasAssets","keywordInTitle","keywordInMetaDescription","keywordInPermalink","keywordIn10Percent","keywordInContent","keywordInSubheadings","keywordInImageAlt","keywordDensity","keywordNotUsed","lengthContent","lengthPermalink","linksHasInternal","linksHasExternals","linksNotAllExternals","titleStartWithKeyword","titleSentiment","titleHasPowerWords","titleHasNumber","hasContentAI"],"hasRedirection":true,"hasBreadcrumb":false},"homeUrl":"https:\/\/www.destinynums.com\/da\/","objectID":77177,"objectType":"post","locale":"da","localeFull":"da_DK","overlayImages":{"play":{"name":"Afspil ikon","url":"https:\/\/www.destinynums.com\/wp-content\/plugins\/seo-by-rank-math\/assets\/admin\/img\/icon-play.png","path":"\/var\/www\/html\/wp-content\/plugins\/seo-by-rank-math\/assets\/admin\/img\/icon-play.png","position":"middle_center"},"gif":{"name":"GIF ikon","url":"https:\/\/www.destinynums.com\/wp-content\/plugins\/seo-by-rank-math\/assets\/admin\/img\/icon-gif.png","path":"\/var\/www\/html\/wp-content\/plugins\/seo-by-rank-math\/assets\/admin\/img\/icon-gif.png","position":"middle_center"}},"defautOgImage":"https:\/\/www.destinynums.com\/wp-content\/uploads\/2022\/08\/rankmath-destinynums.png","customPermalinks":true,"isUserRegistered":true,"autoSuggestKeywords":true,"connectSiteUrl":"https:\/\/rankmath.com\/auth?site=https%3A%2F%2Fwww.destinynums.com%2Fda%2F&r=https%3A%2F%2Fwww.destinynums.com%2Fda%2Fwp-json%2Fwp%2Fv2%2Fpages%2F77177%3Fnonce%3D00a5ade82f","maxTags":5,"trendsIcon":"<svg viewBox=\"0 0 610 610\"><path d=\"M18.85,446,174.32,290.48l58.08,58.08L76.93,504a14.54,14.54,0,0,1-20.55,0L18.83,466.48a14.54,14.54,0,0,1,0-20.55Z\" style=\"fill:#4285f4\"\/><path d=\"M242.65,242.66,377.59,377.6l-47.75,47.75a14.54,14.54,0,0,1-20.55,0L174.37,290.43l47.75-47.75A14.52,14.52,0,0,1,242.65,242.66Z\" style=\"fill:#ea4335\"\/><polygon points=\"319.53 319.53 479.26 159.8 537.34 217.88 377.61 377.62 319.53 319.53\" style=\"fill:#fabb05\"\/><path d=\"M594.26,262.73V118.61h0a16.94,16.94,0,0,0-16.94-16.94H433.2a16.94,16.94,0,0,0-12,28.92L565.34,274.71h0a16.94,16.94,0,0,0,28.92-12Z\" style=\"fill:#34a853\"\/><rect width=\"610\" height=\"610\" style=\"fill:none\"\/><\/svg>","showScore":true,"siteFavIcon":"https:\/\/www.destinynums.com\/wp-content\/uploads\/2022\/07\/cropped-destinynums-logo3-32x32.png","canUser":{"general":false,"advanced":false,"snippet":false,"social":false,"analysis":false,"analytics":false,"content_ai":false},"showKeywordIntent":true,"isPro":false,"is_front_page":false,"trendsUpgradeLink":"https:\/\/rankmath.com\/pricing\/?utm_source=Plugin&utm_medium=CE%20General%20Tab%20Trends&utm_campaign=WP","trendsUpgradeLabel":"Opgrader","trendsPreviewImage":"https:\/\/www.destinynums.com\/wp-content\/plugins\/seo-by-rank-math\/assets\/admin\/img\/trends-preview.jpg","currentEditor":false,"homepageData":{"assessor":{"powerWords":[],"diacritics":true,"researchesTests":["contentHasTOC","contentHasShortParagraphs","contentHasAssets","keywordInTitle","keywordInMetaDescription","keywordInPermalink","keywordIn10Percent","keywordInContent","keywordInSubheadings","keywordInImageAlt","keywordDensity","keywordNotUsed","lengthContent","lengthPermalink","linksHasInternal","linksHasExternals","linksNotAllExternals","titleStartWithKeyword","titleSentiment","titleHasPowerWords","titleHasNumber","hasContentAI"],"hasBreadcrumb":false,"serpData":{"title":false,"description":"","titleTemplate":"%sitename% %page% %sep% %sitedesc%","descriptionTemplate":"","focusKeywords":"","breadcrumbTitle":"\u0413\u043b\u0430\u0432\u043d\u0430\u044f","robots":{"index":true},"advancedRobots":{"max-snippet":"-1","max-video-preview":"-1","max-image-preview":"large"},"facebookTitle":"","facebookDescription":"","facebookImage":"","facebookImageID":""}}},"tocTitle":"Table of Contents","tocExcludeHeadings":[],"listStyle":"ul"},"_links":{"self":[{"href":"https:\/\/www.destinynums.com\/da\/wp-json\/wp\/v2\/pages\/77177","targetHints":{"allow":["GET"]}}],"collection":[{"href":"https:\/\/www.destinynums.com\/da\/wp-json\/wp\/v2\/pages"}],"about":[{"href":"https:\/\/www.destinynums.com\/da\/wp-json\/wp\/v2\/types\/page"}],"author":[{"embeddable":true,"href":"https:\/\/www.destinynums.com\/da\/wp-json\/wp\/v2\/users\/12348"}],"replies":[{"embeddable":true,"href":"https:\/\/www.destinynums.com\/da\/wp-json\/wp\/v2\/comments?post=77177"}],"version-history":[{"count":1,"href":"https:\/\/www.destinynums.com\/da\/wp-json\/wp\/v2\/pages\/77177\/revisions"}],"predecessor-version":[{"id":77624,"href":"https:\/\/www.destinynums.com\/da\/wp-json\/wp\/v2\/pages\/77177\/revisions\/77624"}],"wp:attachment":[{"href":"https:\/\/www.destinynums.com\/da\/wp-json\/wp\/v2\/media?parent=77177"}],"curies":[{"name":"wp","href":"https:\/\/api.w.org\/{rel}","templated":true}]}}